{"id":54,"date":"2017-03-18T13:59:26","date_gmt":"2017-03-18T13:59:26","guid":{"rendered":"http:\/\/susanne-und-die-woelfe.de\/?page_id=54"},"modified":"2022-05-07T16:04:37","modified_gmt":"2022-05-07T16:04:37","slug":"buchtipps-links","status":"publish","type":"page","link":"https:\/\/susanne-und-die-woelfe.de\/?page_id=54","title":{"rendered":"Buchtipps &#038;  Links"},"content":{"rendered":"<p align=\"left\"><span style=\"font-family: helvetica, arial, sans-serif;\"><b>Buchtipps<\/b><\/span><\/p>\n<p align=\"left\"><span style=\"font-family: helvetica, arial, sans-serif;\">Im folgenden habe ich eine Liste von B\u00fcchern zusammen gestellt, die alle mit dem Thema \u201cWolf\u201d zu tun haben, und die ich f\u00fcr empfehlenswert halte.<br \/>\nUm das Ganze etwas \u00fcbersichtlich zu gestalten, habe ich die B\u00fccher in verschiedene Rubriken unterteilt.<br \/>\nManche der B\u00fccher sind leider m\u00f6glicherweise vergriffen, aber das St\u00f6bern in einem Antiquariat oder \u00a0bei amazon.de kann durchaus hilfreich sein. Vielleicht entdecken Sie ja noch das eine oder andere \u201cWolfssch\u00e4tzchen\u201d, das mir bislang durch die Lappen gegangen ist.<br \/>\nViel Spa\u00df beim St\u00f6bern, Schm\u00f6kern und Lesen.<\/span><\/p>\n<p align=\"left\"><span style=\"font-family: helvetica, arial, sans-serif;\">\u00a0<\/span><\/p>\n<p align=\"left\"><span style=\"font-family: helvetica, arial, sans-serif;\"><img decoding=\"async\" loading=\"lazy\" src=\"http:\/\/susanne-stein.de\/Images\/Wolfsaugen.jpg\" width=\"700\" height=\"265\" border=\"0\" \/><\/span><\/p>\n<p align=\"left\"><span style=\"font-family: helvetica, arial, sans-serif;\">\u00a0<\/span><\/p>\n<p align=\"left\"><span style=\"font-family: helvetica, arial, sans-serif;\"><b><u>Romane &amp; Erz\u00e4hlungen<\/u><\/b><\/span><\/p>\n<p align=\"left\"><span style=\"font-family: helvetica, arial, sans-serif;\"><img decoding=\"async\" loading=\"lazy\" class=\"alignnone size-full wp-image-354\" src=\"http:\/\/susanne-und-die-woelfe.de\/wp-content\/uploads\/2022\/05\/2049F55B-94F3-4182-991F-D5FEBC152F07_4_5005_c.jpeg\" alt=\"\" width=\"354\" height=\"528\" \/><br \/>\nSusanne Stein \/ Susanne Weyrich<br \/>\n<b>\u201eAmarok &#8211; Begleiter durch die Dunkelheit\u201c<br \/>\n<\/b>ISBN 978 \u2013 3 \u2013 34714 &#8211; 784 \u2013 3<\/span><\/p>\n<p align=\"left\"><span style=\"font-family: helvetica, arial, sans-serif;\">Dieser autobiographische Roman erz\u00e4hlt<br \/>\nvon meinem Leben mit Amarok und den \u00fcbrigen<br \/>\nRudelmitgliedern meiner Tier-Mensch-Familie<br \/>\nin den W\u00e4ldern Brandenburgs.<br \/>\nVor den Toren Berlins erlebte ich das gl\u00fccklich-<br \/>\nausgewogene Miteinander von Mensch und Tier in<br \/>\nmeinem selbstgew\u00e4hlten Paradies. &#8211; Bis zu dem<br \/>\nMoment als eine zuf\u00e4llige Begegnung alles Bisherige<br \/>\naus dem Gleichgewicht zu bringen begann&#8230;<\/span><\/p>\n<p align=\"left\"><span style=\"font-family: helvetica, arial, sans-serif;\">Dieses Buch erhalten Sie \u00fcber amazon.de,<br \/>\ndirekt beim Verlagshaus tredition unter diesem Link: <b><a href=\"https:\/\/tredition.de\/publish-books\/?books\/ID141043\/AMAROK\">Mein Buch bestellen <\/a><\/b><\/span><\/p>\n<p align=\"left\"><span style=\"font-family: helvetica, arial, sans-serif;\">oder\u00a0<\/span><span style=\"font-family: helvetica, arial, sans-serif;\">unter Angabe der ISBN-Nummer bei Ihrer Buchhandlung.<\/span><\/p>\n<p align=\"left\"><span style=\"font-family: helvetica, arial, sans-serif;\">\u00a0<\/span><\/p>\n<table width=\"100%\" cellspacing=\"0\" cellpadding=\"0\">\n<tbody>\n<tr valign=\"top\">\n<td valign=\"top\" width=\"572\"><span style=\"font-family: helvetica, arial, sans-serif;\">Farley Mowat<br \/>\n<b>\u201eEin Sommer mit W\u00f6lfen\u201c<\/b>\u00a0Dorothy Hearst<br \/>\n<b>\u201eDas Versprechender W\u00f6lfe\u201c<\/b><\/span><span style=\"font-family: helvetica, arial, sans-serif;\">\u00a0<\/span><\/p>\n<p><span style=\"font-family: helvetica, arial, sans-serif;\">Nicholas Evans<br \/>\n<b>\u201eIm Kreis \u00a0der W\u00f6lfe\u201c<\/b><\/span><\/p>\n<p><span style=\"font-family: helvetica, arial, sans-serif;\">\u00a0<\/span><\/p>\n<p><span style=\"font-family: helvetica, arial, sans-serif;\">Garry Kilworth<br \/>\n<b>\u201eF\u00fcrst der W\u00f6lfe\u201c<\/b><\/span><\/p>\n<p><span style=\"font-family: helvetica, arial, sans-serif;\">\u00a0<\/span><\/p>\n<p><span style=\"font-family: helvetica, arial, sans-serif;\">Thomas G\u00f6rden<br \/>\n<b>\u201eSchattenw\u00f6lfe\u201c<\/b><\/span><\/td>\n<td valign=\"top\" width=\"572\"><span style=\"font-family: helvetica, arial, sans-serif;\">Tschingis Aitmatov<br \/>\n<b>\u201eDer Richtplatz\u201c<\/b>\u00a0Clarissa Pinkola Est\u00e9s<br \/>\n<b>\u201eDie Wolfsfrau\u201c<\/b><\/span><span style=\"font-family: helvetica, arial, sans-serif;\">\u00a0<\/span><\/p>\n<p><span style=\"font-family: helvetica, arial, sans-serif;\">Gulliver<br \/>\n<b>\u201eAlles W\u00f6lfe \u2013 Geschichten und Bilder\u201c<\/b><\/span><\/p>\n<p><span style=\"font-family: helvetica, arial, sans-serif;\">\u00a0<\/span><\/p>\n<p><span style=\"font-family: helvetica, arial, sans-serif;\">Dmitri Charlamov<br \/>\n<b>\u201eDas Verm\u00e4chtnis des weisen Aun\u201c<\/b><br \/>\n(antiquarisch)<\/span><\/td>\n<\/tr>\n<\/tbody>\n<\/table>\n<p><span style=\"font-family: helvetica, arial, sans-serif;\">Karl Heinrich Naumann (karl-heinz.naumann@gmx.de)<\/span><\/p>\n<p><span style=\"font-family: helvetica, arial, sans-serif;\"><strong>&#8222;Der Luparo &#8211; Von W\u00f6lfen und Menschen&#8220;<\/strong><\/span><\/p>\n<p><span style=\"font-family: helvetica, arial, sans-serif;\">Verlag E-Mail: info@rohumedia.de<\/span><\/p>\n<p><strong><span style=\"font-family: helvetica, arial, sans-serif;\">CD &#8222;Wolfs-Geheul&#8220;\u00a0<\/span><\/strong><span style=\"font-family: helvetica, arial, sans-serif;\">(karl-heinz.naumann@gmx.de)<\/span><\/p>\n<p><span style=\"font-family: helvetica, arial, sans-serif;\"><br \/>\n<b>\u201eBruder Wolf \u2013 Das vergessene Versprechen\u201c<\/b><\/span><\/p>\n<p><span style=\"font-family: helvetica, arial, sans-serif;\"><b>\u201eWhite Wolf \u2013 Eine arktische Legende\u201c<\/b><\/span><\/p>\n<p><span style=\"font-family: helvetica, arial, sans-serif;\"><b><u>Sachb\u00fccher &amp; Bildb\u00e4nde<\/u><\/b><\/span><\/p>\n<table width=\"100%\" cellspacing=\"0\" cellpadding=\"0\">\n<tbody>\n<tr valign=\"top\">\n<td valign=\"top\" width=\"572\"><span style=\"font-family: helvetica, arial, sans-serif;\">Erik Zimen<br \/>\n<b>\u201eDer Wolf\u201c<\/b>\u00a0Werner Freund<br \/>\n<b>\u201eWolf unter W\u00f6lfen\u201c<\/b><\/span><span style=\"font-family: helvetica, arial, sans-serif;\">\u00a0<\/span><\/p>\n<p><span style=\"font-family: helvetica, arial, sans-serif;\">Hartmann Jenal &amp; Hildegard Hoppe<br \/>\n<b>\u201eWolfsfreund\u201c<\/b><\/span><\/p>\n<p><span style=\"font-family: helvetica, arial, sans-serif;\">\u00a0<\/span><\/p>\n<p><span style=\"font-family: helvetica, arial, sans-serif;\">Tanja Askani<br \/>\n<b>\u201eWolfsspuren\u201c<\/b><\/span><\/p>\n<p><span style=\"font-family: helvetica, arial, sans-serif;\">\u00a0<\/span><\/p>\n<p><span style=\"font-family: helvetica, arial, sans-serif;\">Jim Brandenburg<br \/>\n<b>\u201eBruder Wolf \u2013 Das vergessene Versprechen\u201c<\/b><\/span><\/p>\n<p><span style=\"font-family: helvetica, arial, sans-serif;\"><b>\u201eWhite Wolf \u2013 Eine arktische Legende\u201c<\/b><\/span><\/p>\n<p><span style=\"font-family: helvetica, arial, sans-serif;\">\u00a0<\/span><\/p>\n<p><span style=\"font-family: helvetica, arial, sans-serif;\">Beatrix Stoepel \u2013 Expeditionen in Tierreich<br \/>\n<b>\u201eW\u00f6lfe in Deutschland\u201c<\/b><\/span><\/p>\n<p><span style=\"font-family: helvetica, arial, sans-serif;\">\u00a0<\/span><\/p>\n<p><span style=\"font-family: helvetica, arial, sans-serif;\">Anne M\u00e9natory<br \/>\n<b>\u201eW\u00f6lfe\u201c<\/b><\/span><\/p>\n<p><span style=\"font-family: helvetica, arial, sans-serif;\">\u00a0<\/span><\/p>\n<p><span style=\"font-family: helvetica, arial, sans-serif;\">Leonard Lee Rue III<br \/>\n<b>\u201eW\u00f6lfe\u201c<\/b><\/span><\/td>\n<td valign=\"top\" width=\"572\"><span style=\"font-family: helvetica, arial, sans-serif;\">Daniel Wood<br \/>\n<b>\u201eW\u00f6lfe\u201c<\/b>\u00a0Candace Savage<br \/>\n<b>\u201eW\u00f6lfe\u201c<\/b><\/span><span style=\"font-family: helvetica, arial, sans-serif;\">\u00a0<\/span><\/p>\n<p><span style=\"font-family: helvetica, arial, sans-serif;\">Shaun Ellis &amp; Monty Sloan<br \/>\n<b>\u201eDer Wolf\u201c<\/b><\/span><\/p>\n<p><span style=\"font-family: helvetica, arial, sans-serif;\">\u00a0<\/span><\/p>\n<p><span style=\"font-family: helvetica, arial, sans-serif;\">Angelika Sigl<br \/>\n<b>\u201eDer Wolf\u201c<\/b><\/span><\/p>\n<p><span style=\"font-family: helvetica, arial, sans-serif;\">\u00a0<\/span><\/p>\n<p><span style=\"font-family: helvetica, arial, sans-serif;\">Ronald D. Lawrence<br \/>\n<b>\u201eAuf der Spur der W\u00f6lfe\u201c<\/b><\/span><\/p>\n<p><span style=\"font-family: helvetica, arial, sans-serif;\">\u00a0<\/span><\/p>\n<p><span style=\"font-family: helvetica, arial, sans-serif;\">L. David Mech<br \/>\n<b>\u201eDer wei\u00dfe Wolf \u2013 Mit einem Wolfsrudel unterwegs in der Arktis\u201c<\/b><\/span><\/p>\n<p><span style=\"font-family: helvetica, arial, sans-serif;\">\u00a0<\/span><\/p>\n<p><span style=\"font-family: helvetica, arial, sans-serif;\">Dmitri Charlamov<br \/>\n<b>\u201eDas Verm\u00e4chtnis des weisen Aun\u201c<\/b><br \/>\n(antiquarisch)<\/span><\/p>\n<p><span style=\"font-family: helvetica, arial, sans-serif;\">\u00a0<\/span><\/p>\n<p><span style=\"font-family: helvetica, arial, sans-serif;\">Twyman L. Towery<br \/>\n<b>\u201eDie Weisheit der W\u00f6lfe\u201c<\/b><\/span><\/td>\n<\/tr>\n<\/tbody>\n<\/table>\n<p><span style=\"font-family: helvetica, arial, sans-serif;\">\u00a0<\/span><\/p>\n<p><span style=\"font-family: helvetica, arial, sans-serif;\">\u00a0<\/span><\/p>\n<p><span style=\"font-family: helvetica, arial, sans-serif;\"><b><u>Kinderb\u00fccher<\/u><\/b><\/span><\/p>\n<table width=\"100%\" cellspacing=\"0\" cellpadding=\"0\">\n<tbody>\n<tr valign=\"top\">\n<td valign=\"top\" width=\"572\"><span style=\"font-family: helvetica, arial, sans-serif;\">Pija Lindenbaum<br \/>\n<b>\u201eFranziska und die W\u00f6lfe\u201c<\/b>\u00a0Daniela De Luca<br \/>\n<b>\u201eErik der Wolf\u201c<\/b><\/span><span style=\"font-family: helvetica, arial, sans-serif;\">\u00a0<\/span><\/p>\n<p><span style=\"font-family: helvetica, arial, sans-serif;\">Geoffroy de Pennart<br \/>\n<b>\u201eRoth\u00fctchen\u201c<\/b><\/span><\/p>\n<p><span style=\"font-family: helvetica, arial, sans-serif;\">\u00a0<\/span><\/p>\n<p><span style=\"font-family: helvetica, arial, sans-serif;\">Per Olof Enquist<br \/>\n<b>\u201eGro\u00dfvater und die W\u00f6lfe\u201c<br \/>\n<\/b>(Als Buch &amp; H\u00f6rbuch-CD erh\u00e4ltlich)<\/span><\/p>\n<p><span style=\"font-family: helvetica, arial, sans-serif;\">\u00a0<\/span><\/p>\n<p><span style=\"font-family: helvetica, arial, sans-serif;\">Steve Smallman<br \/>\n<b>\u201eDas \u00a0Lamm das zum essen kam\u201c<\/b><\/span><\/p>\n<p><span style=\"font-family: helvetica, arial, sans-serif;\">\u00a0<\/span><\/p>\n<p><span style=\"font-family: helvetica, arial, sans-serif;\">Peter Nickl \/ J\u00f3sef Wilkon<br \/>\n<b>\u201eDie Geschichte vom guten Wolf\u201c<\/b><\/span><\/p>\n<p><span style=\"font-family: helvetica, arial, sans-serif;\">\u00a0<\/span><\/p>\n<p><span style=\"font-family: helvetica, arial, sans-serif;\">lga Lecaye \/ Gr\u00e9goire Solotareff<br \/>\n<b>\u201eSchneewolf\u201c<\/b><\/span><\/p>\n<p><span style=\"font-family: helvetica, arial, sans-serif;\">\u00a0<\/span><\/p>\n<p><span style=\"font-family: helvetica, arial, sans-serif;\">Anais Vaugelade<br \/>\n<b>\u201eSteinsuppe\u201c<\/b><\/span><\/p>\n<p><span style=\"font-family: helvetica, arial, sans-serif;\">\u00a0<\/span><\/p>\n<p><span style=\"font-family: helvetica, arial, sans-serif;\">Ann Turnbull<br \/>\n<b>\u201eDer letzte Wolf\u201c<\/b><\/span><\/p>\n<p><span style=\"font-family: helvetica, arial, sans-serif;\">\u00a0<\/span><\/p>\n<p><span style=\"font-family: helvetica, arial, sans-serif;\">K\u00e4the Recheis \/ Pieter Kunstreich<br \/>\n<b>\u201eDer allerkleinste Wolf\u201c<\/b><\/span><\/td>\n<td valign=\"top\" width=\"572\"><span style=\"font-family: helvetica, arial, sans-serif;\">K\u00e4the Recheis \/ Alicia Sancha<br \/>\n<b>\u201eWo die W\u00f6lfe gl\u00fccklich sind\u201c<\/b><br \/>\n<b>(<\/b>antiquarisch)\u00a0Tim Jessell \/ K\u00e4the Recheis<br \/>\n<b>\u201eAmorak\u201c<\/b><\/span><span style=\"font-family: helvetica, arial, sans-serif;\">\u00a0<\/span><\/p>\n<p><span style=\"font-family: helvetica, arial, sans-serif;\">Prof. Dr. Torsten Kirstges<br \/>\n<b>\u201eCanis \u2013 Der kleine wei\u00dfe Wolf\u201c<\/b><\/span><\/p>\n<p><span style=\"font-family: helvetica, arial, sans-serif;\">\u00a0<\/span><\/p>\n<p><span style=\"font-family: helvetica, arial, sans-serif;\">Maritgen Matter \/ Anke Faust<br \/>\n<b>\u201eEin Schaf f\u00fcrs Leben\u201c<\/b><br \/>\n(Als Buch und H\u00f6rbuch-CD erh\u00e4ltlich)<\/span><\/p>\n<p><span style=\"font-family: helvetica, arial, sans-serif;\">\u00a0<\/span><\/p>\n<p><span style=\"font-family: helvetica, arial, sans-serif;\">Doris Katharina K\u00fcnster \/ Hermann S\u00fclberg<br \/>\n<b>\u201eW\u00f6lfe\u201c<\/b><\/span><\/p>\n<p><span style=\"font-family: helvetica, arial, sans-serif;\">\u00a0<\/span><\/p>\n<p><span style=\"font-family: helvetica, arial, sans-serif;\">Benny Blu<br \/>\n<b>\u201eW\u00f6lfe \u2013 Leben im Rudel\u201c (Benny Blu Nr. 245)<\/b><\/span><\/p>\n<p><span style=\"font-family: helvetica, arial, sans-serif;\">\u00a0<\/span><\/p>\n<p><span style=\"font-family: helvetica, arial, sans-serif;\">Was ist was<br \/>\n<b>\u201eW\u00f6lfe\u201c (Band 104)<\/b><\/span><\/p>\n<p><span style=\"font-family: helvetica, arial, sans-serif;\">\u00a0<\/span><\/p>\n<p><span style=\"font-family: helvetica, arial, sans-serif;\">Ravensburger \u2013 Die Welt entdecken<br \/>\n<b>\u201eKeine Angst vorm b\u00f6sen Wolf\u201c<\/b><br \/>\n(evtl. antiquarisch)<\/span><\/p>\n<p><span style=\"font-family: helvetica, arial, sans-serif;\">\u00a0<\/span><\/p>\n<p><span style=\"font-family: helvetica, arial, sans-serif;\">Wissen mit Pfiff<br \/>\n<b>\u201eW\u00f6lfe\u201c<\/b><\/span><\/td>\n<\/tr>\n<\/tbody>\n<\/table>\n<p><span style=\"font-family: helvetica, arial, sans-serif;\">\u00a0<\/span><\/p>\n<p><span style=\"font-family: helvetica, arial, sans-serif;\">\u00a0<\/span><\/p>\n<p><span style=\"font-family: helvetica, arial, sans-serif;\"><b><u>Jugendb\u00fccher<\/u><\/b><\/span><\/p>\n<table width=\"100%\" cellspacing=\"0\" cellpadding=\"0\">\n<tbody>\n<tr valign=\"top\">\n<td valign=\"top\" width=\"572\"><span style=\"font-family: helvetica, arial, sans-serif;\">Barbara &amp; Christoph Promberger \/ Jean C. Roch\u00e9<br \/>\n<b>\u201eFaszination Wolf\u201c<\/b>\u00a0Jean Craighead George<br \/>\n<b>\u201eJulie von den W\u00f6lfen\u201c<br \/>\n\u201eJulie \u2013 Neue Freundschaften\u201c<br \/>\n\u201eJulies Wolfsrudel\u201c<br \/>\n<\/b>(Die Julie-Trilogie ist teilweise auch als H\u00f6rbuch bzw. H\u00f6rspiel erh\u00e4ltlich)<\/span><span style=\"font-family: helvetica, arial, sans-serif;\">\u00a0<\/span><\/p>\n<p><span style=\"font-family: helvetica, arial, sans-serif;\">Isabel Abedi<br \/>\n<b>\u201eSOS \u2013 Kleiner Wolf sucht ein Zuhause\u201c<\/b><\/span><\/p>\n<p><span style=\"font-family: helvetica, arial, sans-serif;\">\u00a0<\/span><\/p>\n<p><span style=\"font-family: helvetica, arial, sans-serif;\">Andrea Paluch \/ Robert Habeck<br \/>\n<b>\u201eWolfsspuren\u201c<\/b><\/span><\/p>\n<p><span style=\"font-family: helvetica, arial, sans-serif;\">\u00a0<\/span><\/p>\n<p><span style=\"font-family: helvetica, arial, sans-serif;\">Sherryl Jordan<br \/>\n<b>\u201eTanith \u2013 die Wolfsfrau\u201c<\/b><\/span><\/td>\n<td valign=\"top\" width=\"572\"><span style=\"font-family: helvetica, arial, sans-serif;\">Heike Carl<br \/>\n<b>\u201eDie W\u00f6lfe kehren zur\u00fcck\u201c<\/b>\u00a0Astrid Frank<br \/>\n<b>\u201eIm Wald der W\u00f6lfe\u201c<\/b><\/span><span style=\"font-family: helvetica, arial, sans-serif;\">\u00a0<\/span><\/p>\n<p><span style=\"font-family: helvetica, arial, sans-serif;\">Werner J. Egli<br \/>\n<b>\u201eDer Ruf des Wolfes\u201c<\/b><br \/>\n(evtl. antiquarisch)<\/span><\/p>\n<p><span style=\"font-family: helvetica, arial, sans-serif;\">\u00a0<\/span><\/p>\n<p><span style=\"font-family: helvetica, arial, sans-serif;\">Ruth Craig<br \/>\n<b>\u201eMalus Wolf\u201c<\/b><br \/>\n(evtl. antiquarisch)<\/span><\/td>\n<\/tr>\n<\/tbody>\n<\/table>\n<p><span style=\"font-family: helvetica, arial, sans-serif;\">\u00a0<\/span><\/p>\n<p><span style=\"font-family: helvetica, arial, sans-serif;\">\u00a0<\/span><\/p>\n<p><span style=\"font-family: helvetica, arial, sans-serif;\"><b>Links<\/b><\/span><\/p>\n<p><span style=\"font-family: helvetica, arial, sans-serif;\">Die folgenden Internetseiten befassen sich alle mit dem Wolf und anderen \u201ctierischen Themen.<br \/>\nViel Spa\u00df beim Surfen.<br \/>\n<\/span><\/p>\n<p><span style=\"font-family: helvetica, arial, sans-serif;\"><b><u>Tierkommunikatorinnen<\/u><\/b><\/span><\/p>\n<p><span style=\"font-family: helvetica, arial, sans-serif;\"><a target=\"_self\" rel=\"noopener noreferrer\">Ulrike von Lienen<\/a><\/span><\/p>\n<p><span style=\"font-family: helvetica, arial, sans-serif;\"><a href=\"http:\/\/www.mit-tieren-kommunizieren.de\/\">I<\/a><a target=\"_self\" rel=\"noopener noreferrer\">ljana Planke<\/a><\/span><\/p>\n<p><span style=\"font-family: helvetica, arial, sans-serif;\"><b><u>Lausitzer Wolfsrudel<\/u><\/b><\/span><\/p>\n<p><span style=\"font-family: helvetica, arial, sans-serif;\"><a target=\"_self\" rel=\"noopener noreferrer\">www.wolfsregion-lausitz.de<\/a><\/span><\/p>\n","protected":false},"excerpt":{"rendered":"<p>Buchtipps Im folgenden habe ich eine Liste von B\u00fcchern zusammen gestellt, die alle mit dem Thema \u201cWolf\u201d zu tun haben, und die ich f\u00fcr empfehlenswert halte. Um das Ganze etwas \u00fcbersichtlich zu gestalten, habe ich die B\u00fccher in verschiedene Rubriken unterteilt. Manche der B\u00fccher sind leider m\u00f6glicherweise vergriffen, aber das St\u00f6bern in einem Antiquariat oder &hellip; <\/p>\n<p class=\"link-more\"><a href=\"https:\/\/susanne-und-die-woelfe.de\/?page_id=54\" class=\"more-link\"><span class=\"screen-reader-text\">\u201eBuchtipps &#038;  Links\u201c<\/span> weiterlesen<\/a><\/p>\n","protected":false},"author":1,"featured_media":0,"parent":42,"menu_order":2,"comment_status":"closed","ping_status":"closed","template":"","meta":[],"_links":{"self":[{"href":"https:\/\/susanne-und-die-woelfe.de\/index.php?rest_route=\/wp\/v2\/pages\/54"}],"collection":[{"href":"https:\/\/susanne-und-die-woelfe.de\/index.php?rest_route=\/wp\/v2\/pages"}],"about":[{"href":"https:\/\/susanne-und-die-woelfe.de\/index.php?rest_route=\/wp\/v2\/types\/page"}],"author":[{"embeddable":true,"href":"https:\/\/susanne-und-die-woelfe.de\/index.php?rest_route=\/wp\/v2\/users\/1"}],"replies":[{"embeddable":true,"href":"https:\/\/susanne-und-die-woelfe.de\/index.php?rest_route=%2Fwp%2Fv2%2Fcomments&post=54"}],"version-history":[{"count":12,"href":"https:\/\/susanne-und-die-woelfe.de\/index.php?rest_route=\/wp\/v2\/pages\/54\/revisions"}],"predecessor-version":[{"id":360,"href":"https:\/\/susanne-und-die-woelfe.de\/index.php?rest_route=\/wp\/v2\/pages\/54\/revisions\/360"}],"up":[{"embeddable":true,"href":"https:\/\/susanne-und-die-woelfe.de\/index.php?rest_route=\/wp\/v2\/pages\/42"}],"wp:attachment":[{"href":"https:\/\/susanne-und-die-woelfe.de\/index.php?rest_route=%2Fwp%2Fv2%2Fmedia&parent=54"}],"curies":[{"name":"wp","href":"https:\/\/api.w.org\/{rel}","templated":true}]}}