{"id":52,"date":"2017-03-18T14:02:31","date_gmt":"2017-03-18T14:02:31","guid":{"rendered":"http:\/\/susanne-und-die-woelfe.de\/?page_id=52"},"modified":"2017-03-18T23:32:17","modified_gmt":"2017-03-18T23:32:17","slug":"mensch-tier-kommunikation","status":"publish","type":"page","link":"https:\/\/susanne-und-die-woelfe.de\/?page_id=52","title":{"rendered":"Mensch-Tier- Kommunikation"},"content":{"rendered":"<blockquote><p><b>Die Mensch-Tier-Kommunikation ist eine begl\u00fcckende, f\u00fcr jeden zu erlebende Wirklichkeit, auf einer Ebene, die viele nicht f\u00fcr m\u00f6glich halten. \u00a0<\/b><b>Dabei handelt es sich um eine immer dagewesene, universelle Sprache\u00a0<\/b><b>zwischen allem Lebendem.<\/b><\/p><\/blockquote>\n<p>Im engen Zusammenleben mit meinen Tieren fiel mir im Laufe der Jahre<br \/>\nimmer wieder auf, dass ich, ohne mich darum zu bem\u00fchen, regelm\u00e4\u00dfig klar erfasste, was sie mir mitzuteilen hatten. Ich empfing diese Mitteilungen nicht als vage Ahnung, sondern so deutlich, als h\u00e4tte sie mir jemand mit Worten gesagt. Hierbei erreichten mich die Gef\u00fchle der Tiere ebenso, wie ihre aktuellen Bed\u00fcrfnisse oder sonstige Anliegen.<img decoding=\"async\" loading=\"lazy\" class=\"wp-image-9 alignright\" src=\"http:\/\/susanne-und-die-woelfe.de\/wp-content\/uploads\/2017\/03\/Mensch_Tier_2_small.jpg\" alt=\"\" width=\"449\" height=\"310\" srcset=\"https:\/\/susanne-und-die-woelfe.de\/wp-content\/uploads\/2017\/03\/Mensch_Tier_2_small.jpg 742w, https:\/\/susanne-und-die-woelfe.de\/wp-content\/uploads\/2017\/03\/Mensch_Tier_2_small-300x207.jpg 300w\" sizes=\"(max-width: 449px) 100vw, 449px\" \/><\/p>\n<p>Lange nahm ich dies einfach hin, ohne gro\u00df dar\u00fcber nachzudenken. Dank des Austausches mit anderen \u201cTier-Menschen\u201d erfuhr ich nach und nach, dass sie \u00c4hnliches erlebten. Inzwischen weiss ich, dass es ganz nat\u00fcrlich und normal ist, die Gedanken, Gef\u00fchle und W\u00fcnsche unserer Tiere von diesen \u00fcbermittelt zu bekommen.<\/p>\n<p>Um zu lernen, in dieser Mensch-Tier-Kommunikation gezielter vorgehen zu k\u00f6nnen, besuchte ich im Jahr 2008 nacheinander zwei umfangreiche Seminare bei den beiden Tierkommunikatorinnen Ulrike von Lienen (<a href=\"http:\/\/www.loesungswege.de\">www.loesungswege.de<\/a>) und Iljana Planke (<a href=\"http:\/\/www.mit-tieren-kommunizieren.de\">www.mit-tieren-kommunizieren.de<\/a>).<\/p>\n<p><img decoding=\"async\" loading=\"lazy\" class=\"wp-image-10 size-full alignleft\" src=\"http:\/\/susanne-und-die-woelfe.de\/wp-content\/uploads\/2017\/03\/Mensch_Tier_3_small.jpg\" alt=\"\" width=\"379\" height=\"562\" srcset=\"https:\/\/susanne-und-die-woelfe.de\/wp-content\/uploads\/2017\/03\/Mensch_Tier_3_small.jpg 379w, https:\/\/susanne-und-die-woelfe.de\/wp-content\/uploads\/2017\/03\/Mensch_Tier_3_small-202x300.jpg 202w\" sizes=\"(max-width: 379px) 100vw, 379px\" \/>Durch diese Schulungen und das permanente \u00dcben mit meinen eigenen und auch fremden Tieren, konnte ich die F\u00e4higkeit der Kommunikation zwischen Mensch und Tier verfeinern und vertiefen. In den letzten Jahren ist es mir gelungen, zahlreichen Tierbesitzern und ihren Tieren bei Fragen, Unklarheiten und Verst\u00e4ndnisproblemen zu helfen, so dass in vielen F\u00e4llen eine Basis zur Probleml\u00f6sung geschaffen werden konnte.<\/p>\n<p>Doch auch ohne vorhandene Probleme ist es einfach spannend, mehr dar\u00fcber zu erfahren, was unsere tierischen Begleiter empfinden und sich m\u00f6glicherweise w\u00fcnschen.<\/p>\n<p>Sollten Sie Fragen an oder \u00fcber Ihre Tiergef\u00e4hrten haben, w\u00fcrde ich mich freuen, wenn Sie mich kontaktieren.<\/p>\n<p>Ich freue mich darauf, Ihnen bei der Beantwortung Ihrer \u201ctierischen Fragen\u201d zu helfen.<\/p>\n<p>&lt;<a href=\"http:\/\/susanne-und-die-woelfe.de\/?page_id=56\">Kontakt<\/a>&gt;<\/p>\n<p>&nbsp;<\/p>\n","protected":false},"excerpt":{"rendered":"<p>Die Mensch-Tier-Kommunikation ist eine begl\u00fcckende, f\u00fcr jeden zu erlebende Wirklichkeit, auf einer Ebene, die viele nicht f\u00fcr m\u00f6glich halten. \u00a0Dabei handelt es sich um eine immer dagewesene, universelle Sprache\u00a0zwischen allem Lebendem. Im engen Zusammenleben mit meinen Tieren fiel mir im Laufe der Jahre immer wieder auf, dass ich, ohne mich darum zu bem\u00fchen, regelm\u00e4\u00dfig klar &hellip; <\/p>\n<p class=\"link-more\"><a href=\"https:\/\/susanne-und-die-woelfe.de\/?page_id=52\" class=\"more-link\"><span class=\"screen-reader-text\">\u201eMensch-Tier- Kommunikation\u201c<\/span> weiterlesen<\/a><\/p>\n","protected":false},"author":1,"featured_media":0,"parent":228,"menu_order":3,"comment_status":"closed","ping_status":"closed","template":"","meta":[],"_links":{"self":[{"href":"https:\/\/susanne-und-die-woelfe.de\/index.php?rest_route=\/wp\/v2\/pages\/52"}],"collection":[{"href":"https:\/\/susanne-und-die-woelfe.de\/index.php?rest_route=\/wp\/v2\/pages"}],"about":[{"href":"https:\/\/susanne-und-die-woelfe.de\/index.php?rest_route=\/wp\/v2\/types\/page"}],"author":[{"embeddable":true,"href":"https:\/\/susanne-und-die-woelfe.de\/index.php?rest_route=\/wp\/v2\/users\/1"}],"replies":[{"embeddable":true,"href":"https:\/\/susanne-und-die-woelfe.de\/index.php?rest_route=%2Fwp%2Fv2%2Fcomments&post=52"}],"version-history":[{"count":8,"href":"https:\/\/susanne-und-die-woelfe.de\/index.php?rest_route=\/wp\/v2\/pages\/52\/revisions"}],"predecessor-version":[{"id":256,"href":"https:\/\/susanne-und-die-woelfe.de\/index.php?rest_route=\/wp\/v2\/pages\/52\/revisions\/256"}],"up":[{"embeddable":true,"href":"https:\/\/susanne-und-die-woelfe.de\/index.php?rest_route=\/wp\/v2\/pages\/228"}],"wp:attachment":[{"href":"https:\/\/susanne-und-die-woelfe.de\/index.php?rest_route=%2Fwp%2Fv2%2Fmedia&parent=52"}],"curies":[{"name":"wp","href":"https:\/\/api.w.org\/{rel}","templated":true}]}}