{"id":46,"date":"2017-03-18T14:03:15","date_gmt":"2017-03-18T14:03:15","guid":{"rendered":"http:\/\/susanne-und-die-woelfe.de\/?page_id=46"},"modified":"2017-03-18T23:11:27","modified_gmt":"2017-03-18T23:11:27","slug":"schulprojekte","status":"publish","type":"page","link":"https:\/\/susanne-und-die-woelfe.de\/?page_id=46","title":{"rendered":"Schulprojekte"},"content":{"rendered":"<p align=\"left\"><span style=\"font-family: helvetica, arial, sans-serif;\"><b>Der Wolf im Unterricht<\/b><\/span><\/p>\n<p align=\"left\"><span style=\"font-family: helvetica, arial, sans-serif;\">Ist der Wolf wirklich ein Thema f\u00fcr den Unterricht in der Schule?<br \/>\nJa! Denn ein Thema ist dieses Tier bereits f\u00fcr die ganz Kleinen, Isegrim, der B\u00f6sewicht aus den M\u00e4rchen, der Rotk\u00e4ppchen und seine Gro\u00dfmutter frisst, der im Tierpark mit fasziniertem Schaudern von Kindern bestaunt wird, w\u00e4hrend er in ihren Tr\u00e4umen nicht selten f\u00fcr Angst und Schrecken sorgt.<br \/>\n<\/span><\/p>\n<p align=\"left\"><span style=\"font-family: helvetica, arial, sans-serif;\"><div id=\"metaslider-id-206\" style=\"width: 100%; margin: 0 auto;\" class=\"ml-slider-3-30-0 metaslider metaslider-flex metaslider-206 ml-slider\">\n    <div id=\"metaslider_container_206\">\n        <div id=\"metaslider_206\">\n            <ul aria-live=\"polite\" class=\"slides\">\n                <li style=\"display: block; width: 100%;\" class=\"slide-208 ms-image\"><img src=\"https:\/\/susanne-und-die-woelfe.de\/wp-content\/uploads\/2017\/03\/k-DSC_8226-700x300.jpg\" height=\"300\" width=\"700\" alt=\"\" class=\"slider-206 slide-208\" \/><div class=\"caption-wrap\"><div class=\"caption\">Indianische Wolfsmaske<\/div><\/div><\/li>\n                <li style=\"display: none; width: 100%;\" class=\"slide-209 ms-image\"><img src=\"https:\/\/susanne-und-die-woelfe.de\/wp-content\/uploads\/2017\/03\/k-DSC_9179-700x300.jpg\" height=\"300\" width=\"700\" alt=\"\" class=\"slider-206 slide-209\" \/><div class=\"caption-wrap\"><div class=\"caption\">Beutetiere des Wolfes<\/div><\/div><\/li>\n                <li style=\"display: none; width: 100%;\" class=\"slide-210 ms-image\"><img src=\"https:\/\/susanne-und-die-woelfe.de\/wp-content\/uploads\/2017\/03\/k-DSC_9273-700x300.jpg\" height=\"300\" width=\"700\" alt=\"\" class=\"slider-206 slide-210\" \/><div class=\"caption-wrap\"><div class=\"caption\">Erkunden des Lebensraums<\/div><\/div><\/li>\n                <li style=\"display: none; width: 100%;\" class=\"slide-211 ms-image\"><img src=\"https:\/\/susanne-und-die-woelfe.de\/wp-content\/uploads\/2017\/03\/k-DSC_9381-700x300.jpg\" height=\"300\" width=\"700\" alt=\"\" class=\"slider-206 slide-211\" \/><div class=\"caption-wrap\"><div class=\"caption\">Im Dialog mit den Kindern<\/div><\/div><\/li>\n                <li style=\"display: none; width: 100%;\" class=\"slide-212 ms-image\"><img src=\"https:\/\/susanne-und-die-woelfe.de\/wp-content\/uploads\/2017\/03\/k-DSC_9408-Kopie-700x300.jpg\" height=\"300\" width=\"700\" alt=\"\" class=\"slider-206 slide-212\" \/><div class=\"caption-wrap\"><div class=\"caption\">Das Wolfsrudel heult<\/div><\/div><\/li>\n                <li style=\"display: none; width: 100%;\" class=\"slide-213 ms-image\"><img src=\"https:\/\/susanne-und-die-woelfe.de\/wp-content\/uploads\/2017\/03\/k-DSC_9570-700x300.jpg\" height=\"300\" width=\"700\" alt=\"\" class=\"slider-206 slide-213\" \/><div class=\"caption-wrap\"><div class=\"caption\">Interaktiver Unterricht<\/div><\/div><\/li>\n                <li style=\"display: none; width: 100%;\" class=\"slide-214 ms-image\"><img src=\"https:\/\/susanne-und-die-woelfe.de\/wp-content\/uploads\/2017\/03\/k-DSC_9742-700x300.jpg\" height=\"300\" width=\"700\" alt=\"\" class=\"slider-206 slide-214\" \/><div class=\"caption-wrap\"><div class=\"caption\">\"Begreifen\" des  Wolfes<\/div><\/div><\/li>\n                <li style=\"display: none; width: 100%;\" class=\"slide-215 ms-image\"><img src=\"https:\/\/susanne-und-die-woelfe.de\/wp-content\/uploads\/2017\/03\/k-DSC_9812-700x300.jpg\" height=\"300\" width=\"700\" alt=\"\" class=\"slider-206 slide-215\" \/><div class=\"caption-wrap\"><div class=\"caption\">Population des Wolfes<\/div><\/div><\/li>\n            <\/ul>\n        <\/div>\n        \n    <\/div>\n<\/div><\/span><\/p>\n<p align=\"left\"><span style=\"font-family: helvetica, arial, sans-serif;\">Der Wolf ist ein Tier, das in der menschlichen Wertung von jeher eine Sonderstellung in der Tierwelt besetzt, gleichzeitig vielf\u00e4ltige Emotionen ausl\u00f6st, zumeist wohl eher negativer Natur.<\/span><\/p>\n<p align=\"left\"><span style=\"font-family: helvetica, arial, sans-serif;\">Nach \u00fcber 100 Jahren ist der Wolf nun in unser Land zur\u00fcckgekehrt. Und sp\u00e4testens dies ist Grund genug daf\u00fcr, dass wir alle ihn besser kennen und verstehen lernen sollten, je fr\u00fcher desto besser, somit am besten bereits die Kinder in den Kinderg\u00e4rten und Schulen. Denn sie sind die zuk\u00fcnftigen Verantwortlichen \u2013 auch f\u00fcr Umwelt und Natur.\u00a0<\/span><\/p>\n<p align=\"left\"><span style=\"font-family: helvetica, arial, sans-serif;\">In meinem Projektunterricht erhalten die Sch\u00fclerinnen und Sch\u00fcler ein erstes, grundlegendes Wissen \u00fcber die Tierart \u201cWolf\u201c, durch emotionale, k\u00fcnstlerische und spielerische Elemente aufgelockert und erg\u00e4nzt. Es ist zudem englischsprachiges Arbeitsmaterial vorhanden, so dass das Thema auch im Englischunterricht behandelt werden kann.<\/span><\/p>\n<p align=\"left\"><span style=\"font-family: helvetica, arial, sans-serif;\">Die Lerninhalte sind den jeweiligen Altersgruppen angepasst. Neben sachlich fundiertem Wissen \u00fcber die Tierart \u201cWolf\u201c sollen die Sch\u00fclerinnen und Sch\u00fcler darin unterst\u00fctzt werden, Achtung vor dem Leben anderer Lebewesen, sowie Verantwortungsgef\u00fchl f\u00fcr diese zu entwickeln und falsche Vorstellungen \u00fcber bestimmte Tiere abzubauen. Die Sch\u00fclerinnen und Sch\u00fcler lernen nicht nur den Haushund und den Lebensraum \u201cWald\u201c besser kennen, sondern es wird auch das Bewusstsein f\u00fcr den verantwortungsvollen Umgang mit der Umwelt gef\u00f6rdert.<\/span><\/p>\n<p><span style=\"font-family: helvetica, arial, sans-serif;\">Die Gestaltung der Zusammenarbeit mit den Kindern geschieht auf m\u00f6glichst interaktive Weise, auch in Form von Gruppen- und Stationsarbeit.<\/span><\/p>\n<p align=\"left\"><span style=\"font-family: helvetica, arial, sans-serif;\">Die Workshops sind in verschiedene Module unterteilt, die sich individuell auf die jeweilige Gruppe und Unterrichtsform anpassen lassen. Sowohl die Unterrichtsgestaltung im Rahmen von Projekttagen \/ -wochen als auch das Einbinden in den regul\u00e4ren Stundenplan ist gleicherma\u00dfen m\u00f6glich.<\/span><\/p>\n<p align=\"left\"><span style=\"font-family: helvetica, arial, sans-serif;\">\u00a0F\u00fcr ein detailliertes, auf die Bed\u00fcrfnisse Ihrer Schule angepasstes Angebot, setzen Sie sich bitte mit mir Verbindung.<\/span><\/p>\n<p>&nbsp;<\/p>\n<p><span style=\"font-family: helvetica, arial, sans-serif;\"><strong><em>\u201eTierschutz ist Erziehung<br \/>\nzur Menschlichkeit\u201c<\/em><\/strong><\/span><\/p>\n<p><span style=\"font-family: helvetica, arial, sans-serif;\">(Albert Schweitzer)<\/span><\/p>\n","protected":false},"excerpt":{"rendered":"<p>Der Wolf im Unterricht Ist der Wolf wirklich ein Thema f\u00fcr den Unterricht in der Schule? Ja! Denn ein Thema ist dieses Tier bereits f\u00fcr die ganz Kleinen, Isegrim, der B\u00f6sewicht aus den M\u00e4rchen, der Rotk\u00e4ppchen und seine Gro\u00dfmutter frisst, der im Tierpark mit fasziniertem Schaudern von Kindern bestaunt wird, w\u00e4hrend er in ihren Tr\u00e4umen &hellip; <\/p>\n<p class=\"link-more\"><a href=\"https:\/\/susanne-und-die-woelfe.de\/?page_id=46\" class=\"more-link\"><span class=\"screen-reader-text\">\u201eSchulprojekte\u201c<\/span> weiterlesen<\/a><\/p>\n","protected":false},"author":1,"featured_media":0,"parent":228,"menu_order":1,"comment_status":"closed","ping_status":"closed","template":"","meta":[],"_links":{"self":[{"href":"https:\/\/susanne-und-die-woelfe.de\/index.php?rest_route=\/wp\/v2\/pages\/46"}],"collection":[{"href":"https:\/\/susanne-und-die-woelfe.de\/index.php?rest_route=\/wp\/v2\/pages"}],"about":[{"href":"https:\/\/susanne-und-die-woelfe.de\/index.php?rest_route=\/wp\/v2\/types\/page"}],"author":[{"embeddable":true,"href":"https:\/\/susanne-und-die-woelfe.de\/index.php?rest_route=\/wp\/v2\/users\/1"}],"replies":[{"embeddable":true,"href":"https:\/\/susanne-und-die-woelfe.de\/index.php?rest_route=%2Fwp%2Fv2%2Fcomments&post=46"}],"version-history":[{"count":11,"href":"https:\/\/susanne-und-die-woelfe.de\/index.php?rest_route=\/wp\/v2\/pages\/46\/revisions"}],"predecessor-version":[{"id":249,"href":"https:\/\/susanne-und-die-woelfe.de\/index.php?rest_route=\/wp\/v2\/pages\/46\/revisions\/249"}],"up":[{"embeddable":true,"href":"https:\/\/susanne-und-die-woelfe.de\/index.php?rest_route=\/wp\/v2\/pages\/228"}],"wp:attachment":[{"href":"https:\/\/susanne-und-die-woelfe.de\/index.php?rest_route=%2Fwp%2Fv2%2Fmedia&parent=46"}],"curies":[{"name":"wp","href":"https:\/\/api.w.org\/{rel}","templated":true}]}}