{"id":44,"date":"2017-03-18T14:04:43","date_gmt":"2017-03-18T14:04:43","guid":{"rendered":"http:\/\/susanne-und-die-woelfe.de\/?page_id=44"},"modified":"2017-03-19T08:07:56","modified_gmt":"2017-03-19T08:07:56","slug":"woelfe-in-deutschland","status":"publish","type":"page","link":"https:\/\/susanne-und-die-woelfe.de\/?page_id=44","title":{"rendered":"W\u00f6lfe in Deutschland"},"content":{"rendered":"<p><b>Isegrim ist wieder\u00a0 da!<\/b><\/p>\n<p>1904 wurde in Hoyerswerda der \u201dletzte Wolf\u201d Deutschlands erschossen, und auch in den nachfolgenden Jahrzehnten kam es immer wieder zu Absch\u00fcssen von nach Deutschland eingewanderten W\u00f6lfen, bis heute, obwohl sie seit 1990 unter gesetzlichem Schutz stehen.<\/p>\n<p>Dennoch gelingt es dem Wolf, sich nach und nach seinen alten Lebensraum zur\u00fcckzuerobern und sich wieder in Deutschland anzusiedeln. Mittlerweile haben sich Wolfsrudel vor allem in Sachsen und Brandenburg, aber auch in Niedersachen, Th\u00fcringen, Mecklenburg-Vorpommern und Sachsen-Anhalt angesiedelt. 2015\/16 wurden in Deutschland \u00fcber\u00a040 Wolfsrudel\/Wolfspaare und einige territoriale Einzeltiere nachgewiesen.<\/p>\n<blockquote><p><b>W\u00f6lfe brauchen keine unber\u00fchrte Natur, um in Deutschland \u00fcberleben zu k\u00f6nnen, sondern unsere Akzeptanz und die Bereitschaft, wieder etwas mehr Wildnis in unserer Nachbarschaft zuzulassen.<\/b><\/p><\/blockquote>\n<p>&nbsp;<\/p>\n<figure id=\"attachment_37\" aria-describedby=\"caption-attachment-37\" style=\"width: 680px\" class=\"wp-caption aligncenter\"><img decoding=\"async\" loading=\"lazy\" class=\"wp-image-37 size-full\" src=\"http:\/\/susanne-und-die-woelfe.de\/wp-content\/uploads\/2017\/03\/nabu-wolfskarte-vorkommen-deutschland-680.jpg\" alt=\"\" width=\"680\" height=\"624\" srcset=\"https:\/\/susanne-und-die-woelfe.de\/wp-content\/uploads\/2017\/03\/nabu-wolfskarte-vorkommen-deutschland-680.jpg 680w, https:\/\/susanne-und-die-woelfe.de\/wp-content\/uploads\/2017\/03\/nabu-wolfskarte-vorkommen-deutschland-680-300x275.jpg 300w\" sizes=\"(max-width: 680px) 100vw, 680px\" \/><figcaption id=\"caption-attachment-37\" class=\"wp-caption-text\"><span style=\"font-family: helvetica, arial, sans-serif;\">Wolfspopulation Stand 2016 (Quelle: https:\/\/www.nabu.de)<\/span><\/figcaption><\/figure>\n<p align=\"center\"><span style=\"font-family: helvetica, arial, sans-serif;\">\u00a0<\/span><\/p>\n<p><b>Lebensgrundlage der W\u00f6lfe<\/b><\/p>\n<p>Wie wir Menschen, so k\u00f6nnen auch die W\u00f6lfe so gut wie \u00fcberall\u00a0 leben &#8211; in W\u00e4ldern, in Gebirgen, Steppen und W\u00fcsten, sogar in eiskalten Regionen. Einzig wichtig ist f\u00fcr W\u00f6lfe das Vorhandensein von Nahrung, Wasser, und einem R\u00fcckzugsraum vor dem Menschen, wo sie auch ihren Nachwuchs aufziehen k\u00f6nnen.<\/p>\n<p><b>Beutetiere: <\/b>Bei uns fressen die W\u00f6lfe vor allem Rehe, Hirsche und Wildschweine.<\/p>\n<p>Da W\u00f6lfe nicht zwischen Wild \u2013 und Nutztieren unterscheiden k\u00f6nnen, ist es notwendig, kleinere Nutztierarten wie Schafe und Ziegen vor diesen Beutegreifern zu sch\u00fctzen. Bew\u00e4hrt haben sich hier Elektrozaun und Herdenschutzhund.<\/p>\n<p align=\"left\"><span style=\"font-family: helvetica, arial, sans-serif;\">\u00a0<\/span><\/p>\n<p><b>Was gef\u00e4hrdet die W\u00f6lfe in Deutschland?<\/b><\/p>\n<p>Die gr\u00f6\u00dfte Gef\u00e4hrdung f\u00fcr die W\u00f6lfe ist die ablehnende Haltung von Menschen. Die Zukunft der W\u00f6lfe in Deutschland h\u00e4ngt vor allem von der Akzeptanz der Bev\u00f6lkerung ab. Weitere Bedrohungen stellen Krankheiten (z.B. R\u00e4ude und Tollwut), Verkehrsunf\u00e4lle\u00a0 und illegale T\u00f6tung dar.<\/p>\n<p>Im Land Brandenburg beispielsweise wurden (seit 1990) 9 W\u00f6lfe illegal geschossen, 51 W\u00f6lfe fielen dem Stra\u00dfenverkehr zum Opfer, 11 Tiere starben durch andere Ursachen.<\/p>\n<p>Ein anderes Beispiel ist das Land Sachsen. Hier wurden (seit 2000) insgesamt 7 W\u00f6lfe illegal get\u00f6tet, 32 W\u00f6lfe starben bei Verkehrsunf\u00e4llen, 7 W\u00f6lfe starben eines nat\u00fcrlichen Todes und bei 5 Totfunden ist die Ursache unklar.<\/p>\n<p align=\"left\"><span style=\"font-family: helvetica, arial, sans-serif;\">\u00a0<\/span><\/p>\n<p align=\"left\"><span style=\"font-family: helvetica, arial, sans-serif;\"><b>Welchen Einfluss haben die W\u00f6lfe auf die Natur?<\/b><\/span><\/p>\n<p align=\"left\"><span style=\"font-family: helvetica, arial, sans-serif;\"><img decoding=\"async\" loading=\"lazy\" class=\"size-full wp-image-18 alignright\" src=\"http:\/\/susanne-und-die-woelfe.de\/wp-content\/uploads\/2017\/03\/Woelfe_in_D_2_small.jpg\" alt=\"\" width=\"280\" height=\"422\" srcset=\"https:\/\/susanne-und-die-woelfe.de\/wp-content\/uploads\/2017\/03\/Woelfe_in_D_2_small.jpg 280w, https:\/\/susanne-und-die-woelfe.de\/wp-content\/uploads\/2017\/03\/Woelfe_in_D_2_small-199x300.jpg 199w\" sizes=\"(max-width: 280px) 100vw, 280px\" \/><\/span><\/p>\n<p>Urspr\u00fcnglich wurde es so eingerichtet, dass W\u00f6lfe (wie auch andere Beutegreifer) den Wildbestand derart regulieren, dass der Wald nicht durch ein zu hohes Vorkommen an Pflanzenfressern, die die Triebe und Rinde der B\u00e4ume abfressen, zu Schaden kommt. Dies aber geschieht, seit Fleischfresser, wie Wolf, B\u00e4r und Luchs, aus unseren W\u00e4ldern verschwunden sind. Der nat\u00fcrliche Feind des Wildes fehlt, das urspr\u00fcngliche, \u00f6kologische Gleichgewicht ist gest\u00f6rt. Resultat sind, aufgrund des hohen Wildbestands, zum Teil hohe Sch\u00e4den f\u00fcr die Land\u2013 und Forstwirtschaft. Junge B\u00e4ume k\u00f6nnen nicht wachsen und alte werden von Sch\u00e4dlingen befallen, so leidet nicht nur der Wald, sondern auch das Wild, das dadurch hungern muss. Die J\u00e4ger versuchen Ausgleich zu schaffen, sind jedoch in der Regel nicht in der Lage, kranke und schwache Tiere von gesunden, starken zu unterscheiden. W\u00e4hrend W\u00f6lfe \u00fcberwiegend unerfahrenes, altes und geschw\u00e4chtes Wild ausw\u00e4hlen, weil sie diese einfacher erbeuten k\u00f6nnen, fallen der menschlichen Jagd in hohem Ma\u00dfe auch gesunde Tiere zum Opfer.<\/p>\n<p>W\u00f6lfe regulieren somit den Wildbestand, halten ihn gesund &#8211; und damit auch den Wald.<\/p>\n<p align=\"left\"><span style=\"font-family: helvetica, arial, sans-serif;\">\u00a0<\/span><\/p>\n<p style=\"text-align: center;\" align=\"left\"><span style=\"font-family: helvetica, arial, sans-serif;\"><b><i>Wo der Wolf heult, ist der Wald gesund<br \/>\n<\/i><\/b><\/span><span style=\"font-family: helvetica, arial, sans-serif;\">(Russisches Sprichwort)<\/span><\/p>\n<p align=\"left\"><span style=\"font-family: helvetica, arial, sans-serif;\">\u00a0<\/span><\/p>\n<p>Es sollte nicht darum gehen, ob wir die W\u00f6lfe haben wollen oder nicht, und ob sie in unseren Augen einen Sinn erf\u00fcllen und uns von Nutzen sind oder nicht. Wir sollten vielmehr anerkennen, dass der Wolf einfach dazu geh\u00f6rt.<\/p>\n<p>Lassen Sie uns akzeptieren, dass auch diese Tierart eine absolute Daseinsberechtigung in unserer Natur hat, unabh\u00e4ngig von unserer Zustimmung oder Ablehnung.<\/p>\n<p align=\"left\"><span style=\"font-family: helvetica, arial, sans-serif;\">\u00a0<\/span><\/p>\n<p align=\"left\"><span style=\"font-family: helvetica, arial, sans-serif;\">\u00a0<\/span><\/p>\n<p align=\"left\"><span style=\"font-family: helvetica, arial, sans-serif;\"><b>Wie verh\u00e4lt man sich im Falle einer Begegnung mit dem Wolf?<\/b><\/span><\/p>\n<table width=\"783\" cellspacing=\"0\" cellpadding=\"0\">\n<tbody>\n<tr valign=\"top\">\n<td width=\"306\"><img decoding=\"async\" loading=\"lazy\" class=\"size-full wp-image-20 alignleft\" src=\"http:\/\/susanne-und-die-woelfe.de\/wp-content\/uploads\/2017\/03\/Woelfe_in_D_4_small.jpg\" alt=\"\" width=\"512\" height=\"669\" srcset=\"https:\/\/susanne-und-die-woelfe.de\/wp-content\/uploads\/2017\/03\/Woelfe_in_D_4_small.jpg 512w, https:\/\/susanne-und-die-woelfe.de\/wp-content\/uploads\/2017\/03\/Woelfe_in_D_4_small-230x300.jpg 230w\" sizes=\"(max-width: 512px) 100vw, 512px\" \/><\/td>\n<td style=\"padding-left: 30px;\" width=\"61%\">\n<ul>\n<li>In der Regel werden wir W\u00f6lfen nicht begegnen, weil sie das Weite suchen, sobald sie den Menschen bemerken. Sollten Sie dennoch das Gl\u00fcck haben, einen Wolf zu Gesicht zu bekommen, brauchen Sie keine Angst zu haben. Genie\u00dfen sie es und beachten sie m\u00f6glichst folgende Verhaltensempfehlungen:<b><br \/>\n<\/b><\/li>\n<li>Nicht weglaufen, sondern stehen bleiben und das Tier beobachten.<\/li>\n<li>Ziehen Sie sich langsam zur\u00fcck, sollten Sie mehr Abstand wollen.<\/li>\n<li>Der Wolf ist leicht zu vertreiben, indem Sie ihn laut ansprechen, in die H\u00e4nde klatschen oder mit den Armen winken.<\/li>\n<li>Bitte nicht hinterher laufen, nicht ber\u00fchren, nicht anlocken und nicht f\u00fcttern!<\/li>\n<\/ul>\n<p><span style=\"font-family: helvetica, arial, sans-serif;\">\u00a0<\/span><\/td>\n<\/tr>\n<\/tbody>\n<\/table>\n<p align=\"left\"><span style=\"font-family: helvetica, arial, sans-serif;\">\u00a0<\/span><\/p>\n<p align=\"left\"><span style=\"font-family: helvetica, arial, sans-serif;\"><b>Zur Sprache der W\u00f6lfe &#8211; und zur medienwirksamen &#8222;Wolfsfratze&#8220; &#8230;<\/b><\/span><\/p>\n<p>W\u00f6lfe haben eine komplexe Laut \u2013 und K\u00f6rpersprache und verst\u00e4ndigen sich <img decoding=\"async\" loading=\"lazy\" class=\"size-full wp-image-17 alignright\" src=\"http:\/\/susanne-und-die-woelfe.de\/wp-content\/uploads\/2017\/03\/Woelfe_in_D_1_small.jpg\" alt=\"\" width=\"350\" height=\"467\" srcset=\"https:\/\/susanne-und-die-woelfe.de\/wp-content\/uploads\/2017\/03\/Woelfe_in_D_1_small.jpg 350w, https:\/\/susanne-und-die-woelfe.de\/wp-content\/uploads\/2017\/03\/Woelfe_in_D_1_small-225x300.jpg 225w\" sizes=\"(max-width: 350px) 100vw, 350px\" \/><br \/>\nauch durch Ger\u00fcche und Ber\u00fchrungen. Neben dem wohlbekannten Wolfsheulen, das dem Zusammenhalt der Familie dient, winseln, wuffen, bellen und schreien W\u00f6lfe je nach Anla\u00df \u2013 und sie knurren auch, um Artgenossen in ihre Schranken zu weisen. Meist werden mit dem Knurren die Z\u00e4hne gefletscht und die Nase gerunzelt.<\/p>\n<p>Und nur allzu gern werden solche Fotos f\u00fcr rei\u00dferischen Zeitungsberichten verwendet, und es wird vermittelt, dass es das ist, was wir zu erwarten haben, sollten wir einem Wolf in freier Wildbahn begegnen. Schon in den M\u00e4rchen wird Kindern dieserart Angst gemacht \u2013 und dem Wolf gro\u00dfes Unrecht angetan. Denn in Wirklichkeit ist nichts dran, an solchen Schauergeschichten. Zum einen geh\u00f6rt der Mensch nicht in des Wolfes Beutespektrum &#8211; er l\u00f6st in dem scheuen Wildtier ausschlie\u00dflich Fluchtverhalten aus -, zum anderen zeigt ein Wolf ein solches Drohgesicht nicht seinen Beutetieren sondern seinen Artgenossen.<\/p>\n<p>So bedrohlich es auch aussieht, Drohgeb\u00e4rden sind ein ganz normaler Bestandteil der stark auf Mimik und Geb\u00e4rdensprache basierenden Kommunikation der Tierart \u201dWolf\u201d.<\/p>\n<p>Zwar kann dem Drohen auch ein Angriff folgen, sollte diese Vorwarnung nicht ernst genommen werden, doch werden Streitigkeiten innerhalb des Rudels fast immer friedlich geregelt. Und geht es doch mal etwas lauter zu, handelt es sich um nichts weiter, als um <b>Rituale der Unterordnung<\/b>.<\/p>\n<p>Zur Veranschaulichung ein Foto von dem 14-j\u00e4hrigen Amarok, auf dem er in Verteidigung seines Individualraums diese wolfstypische Mimik zeigte.<\/p>\n<p>Unz\u00e4hlige Male hat Amarok dem in seiner Aufdringlichkeit unerm\u00fcdlichen Junghund Pepino dieserart mitgeteilt, dass er seine Ruhe vor ihm haben m\u00f6chte. Und nicht ein einziges Mal folgte dieser Mahnung ein Angriff, Pepino wurde kein Haar gekr\u00fcmmt, es blieb bei Drohgeb\u00e4rden.<\/p>\n<p>Das Leben in\u00a0 einer Wolfsfamilie ist eher harmonisch, zu ernsthaften Auseinandersetzungen kommt es so gut wie nie, denn dem Wolfsrudel ist die Gesundheit eines jeden Tieres wichtig. Wichtig f\u00fcr die Jagd, und somit wichtig f\u00fcrs \u00dcberleben des Rudels. Deswegen vermeiden es die Mitglieder einer Wolfsfamilie, sich untereinander zu verletzen.<\/p>\n<p>Anders sieht es bei Gehegew\u00f6lfen aus, also Tieren in Zoos und Tierparks. Hier kann es tats\u00e4chlich zu heftigen Auseinandersetzungen kommen, weil die Tiere gezwungenerma\u00dfen zusammenleben und einander kaum ausweichen, geschweige denn abwandern k\u00f6nnen. Bei Gehegew\u00f6lfen entstehen Rangordnungen oft auf k\u00e4mpferische Weise, da gibt es dann Alphaw\u00f6lfe, Betaw\u00f6lfe, untergebene W\u00f6lfe und oft auch einen Omegawolf, der als Zielscheibe f\u00fcr angestaute Rudelaggressionen herhalten muss. Um die h\u00f6heren Pl\u00e4tze wird teilweise erbittert gek\u00e4mpft. Es ist bedauerlich, dass wir nur in Zoos und Tierparks die Gelegenheit haben, W\u00f6lfe zu beobachten, die uns dann aufgrund unnat\u00fcrlicher Lebensbedingungen mitunter das Bild des b\u00f6sartigen Wolfes zu best\u00e4tigen scheinen, das doch mit frei lebenden Mitgliedern eines Wolfsrudels nicht viel zu tun hat.<\/p>\n<p align=\"left\"><span style=\"font-family: helvetica, arial, sans-serif;\">\u00a0<\/span><\/p>\n<p align=\"left\"><span style=\"font-family: helvetica, arial, sans-serif;\"><b>Wie sieht das Leben in einem Wolfsrudel aus?<\/b><\/span><\/p>\n<p align=\"left\">Die Gr\u00f6\u00dfe eines Rudels h\u00e4ngt vom Nahrungsangebot ab \u2013 in Mitteleuropa kann man von 100 bis 450 Quadratkilometer gro\u00dfen Territorien ausgehen. Die Rudelgr\u00f6\u00dfe liegt bei circa f\u00fcnf bis zehn Tieren.<\/p>\n<p align=\"center\"><img decoding=\"async\" loading=\"lazy\" class=\"alignnone size-full wp-image-19\" src=\"http:\/\/susanne-und-die-woelfe.de\/wp-content\/uploads\/2017\/03\/Woelfe_in_D_3_small.jpg\" alt=\"\" width=\"707\" height=\"418\" srcset=\"https:\/\/susanne-und-die-woelfe.de\/wp-content\/uploads\/2017\/03\/Woelfe_in_D_3_small.jpg 707w, https:\/\/susanne-und-die-woelfe.de\/wp-content\/uploads\/2017\/03\/Woelfe_in_D_3_small-300x177.jpg 300w\" sizes=\"(max-width: 707px) 100vw, 707px\" \/><\/p>\n<p align=\"left\"><span style=\"font-family: helvetica, arial, sans-serif;\">\u00a0<\/span>Die Struktur eines Wolfsrudels \u00e4hnelt der einer menschlichen Familie, auch ein Wolfsrudel besteht aus einem Elternpaar und dessen Nachwuchs \u2013 meist Welpen aus diesem und dem vorigen Jahr. Der Zusammenhalt eines Wolfsrudels ist sehr eng, es wird gemeinsam gejagt, gefressen, ausgeruht und gespielt. Auch an der Aufzucht der Welpen beteiligen sich alle Familienmitglieder.<\/p>\n<p>Welpen werden nach circa 63 Tagen Tr\u00e4chtigkeit nur einmal im Jahr geboren, im April und Mai. Die zun\u00e4chst blinden und tauben Jungen, meist vier bis sieben Welpen, kommen in einer H\u00f6hle zur Welt und wiegen circa 450-500g. Die ersten drei Wochen verbringen sie in der Wurfh\u00f6hle, ihre Nahrung ist die Muttermilch. Dann verlassen sie die H\u00f6hle erstmals und beginnen neben der Muttermilch auch das von den anderen Rudelmitgliedern hervor gew\u00fcrgte Fleisch zu fressen. Zun\u00e4chst bleibt das\u00a0 Rudel an der H\u00f6hle, wird es dort nach etwa neun Wochen zu eng f\u00fcr die Welpen, zieht das gesamte Rudel zum sogenannten Rendezvouz-Platz. Wichtig ist f\u00fcr solche Pl\u00e4tze, dass Wasser in der N\u00e4he ist, gen\u00fcgend Beutetiere und Deckungsm\u00f6glichkeiten. Was die heranwachsenden Welpen wissen m\u00fcssen, lernen sie nun von den \u00e4lteren Rudelmitgliedern, von denen zudem ein rangniedriges Tier als \u201dBabysitter\u201d bei den Welpen zur\u00fcck bleibt, wenn das restliche Rudel zur Jagd aufbricht. Die jungen W\u00f6lfe m\u00fcssen sich schnell entwickeln, damit sie im Herbst in der Lage sind, mit dem Rudel den Beutetieren zu folgen und alsbald an der Jagd teilzunehmen.<\/p>\n<p>Es dauert etwa zwei Jahre, bis ein Wolf erwachsen ist. Dann verl\u00e4sst er das Rudel und begibt sich auf oft lange Wanderschaft, um selbst eine Familie zu gr\u00fcnden.<\/p>\n<p align=\"left\"><span style=\"font-family: helvetica, arial, sans-serif;\">\u00a0<\/span><\/p>\n<p align=\"left\"><span style=\"font-family: helvetica, arial, sans-serif;\"><b>Hinweise auf W\u00f6lfe erh\u00e4lt man durch:<\/b><\/span><\/p>\n<div class=\"mceTemp\"><\/div>\n<p>Wolfslosung &#8211; Man erkennt deutlich die Fellreste des Beutetiers<\/p>\n<table width=\"714\" cellspacing=\"0\" cellpadding=\"0\">\n<tbody>\n<tr valign=\"top\">\n<td width=\"304\">\n<figure id=\"attachment_21\" aria-describedby=\"caption-attachment-21\" style=\"width: 398px\" class=\"wp-caption alignnone\"><img decoding=\"async\" loading=\"lazy\" class=\"wp-image-21 size-full\" src=\"http:\/\/susanne-und-die-woelfe.de\/wp-content\/uploads\/2017\/03\/Woelfe_in_D_5_small.jpg\" alt=\"\" width=\"398\" height=\"675\" srcset=\"https:\/\/susanne-und-die-woelfe.de\/wp-content\/uploads\/2017\/03\/Woelfe_in_D_5_small.jpg 398w, https:\/\/susanne-und-die-woelfe.de\/wp-content\/uploads\/2017\/03\/Woelfe_in_D_5_small-177x300.jpg 177w\" sizes=\"(max-width: 398px) 100vw, 398px\" \/><figcaption id=\"caption-attachment-21\" class=\"wp-caption-text\">Wolfsspuren &#8211; Geschn\u00fcrter Trapp<\/figcaption><\/figure>\n<p align=\"center\">\n<\/td>\n<td style=\"padding-left: 30px;\" width=\"410\">\n<ul>\n<li><span style=\"font-family: inherit; font-size: inherit;\">F\u00e4hrten<\/span><\/li>\n<li>Losung<\/li>\n<li>\u00dcberreste von get\u00f6teten Beutetieren \/ Risse<\/li>\n<li>Genetischer Untersuchungen<\/li>\n<li>Filmischer Dokumentationen<\/li>\n<li>Hinweisen aus der Bev\u00f6lkerung<\/li>\n<li>Telemetrie<\/li>\n<\/ul>\n<p>&nbsp;<\/p>\n<dt class=\"wp-caption-dt\">\n<p><figure id=\"attachment_22\" aria-describedby=\"caption-attachment-22\" style=\"width: 199px\" class=\"wp-caption alignnone\"><img decoding=\"async\" loading=\"lazy\" class=\"wp-image-22 size-medium\" src=\"http:\/\/susanne-und-die-woelfe.de\/wp-content\/uploads\/2017\/03\/Woelfe_in_D_6_small-199x300.jpg\" alt=\"\" width=\"199\" height=\"300\" srcset=\"https:\/\/susanne-und-die-woelfe.de\/wp-content\/uploads\/2017\/03\/Woelfe_in_D_6_small-199x300.jpg 199w, https:\/\/susanne-und-die-woelfe.de\/wp-content\/uploads\/2017\/03\/Woelfe_in_D_6_small.jpg 512w\" sizes=\"(max-width: 199px) 100vw, 199px\" \/><figcaption id=\"caption-attachment-22\" class=\"wp-caption-text\">Wolfslosung &#8211; Man erkennt deutlich die Fellreste des Beutetiers<\/figcaption><\/figure><\/dt>\n<p>&nbsp;<\/td>\n<\/tr>\n<\/tbody>\n<\/table>\n<p align=\"left\"><b><\/b>Dank eines Funkhalsbandes konnte man den Weg des in der Muskauer Heide (Lausitz) geborenen Wolfsr\u00fcden \u201dRolf\u201d verfolgen, der innerhalb von 86 Tagen eine Strecke von 1.200 km bis nach Wei\u00dfrussland zur\u00fcckgelegt hat.<\/p>\n<p>&nbsp;<\/p>\n<p>Aktuelle Informationen zu den W\u00f6lfen in Deutschland erhalten Sie auf folgenden<\/p>\n<p>Internet- Seiten:<\/p>\n<ul>\n<li>LUPUS \u2013 Kontaktb\u00fcro <a href=\"http:\/\/www.wolf-sachsen.de\">www.wolf-sachsen.d<\/a>e<\/li>\n<li>Kontaktb\u00fcro &#8211; felis-lupus.de\u00a0 <a href=\"http:\/\/www.felis-lupus.de\">www.felis-lupus.de<\/a><\/li>\n<li>NABU <a href=\"http:\/\/www.nabu.de\">www.nabu.de<\/a> <a href=\"https:\/\/www.bing.com\/search?q=nabu+w%c3%b6lfe&amp;qs=HS&amp;pq=nabu+w%c3%b6lfe&amp;sc=6-10&amp;cvid=6274FB86CF334754A43DB1957927B7B4&amp;FORM=QBRE&amp;sp=1&amp;cbust=1\"><br \/>\n<\/a><\/li>\n<li>IFAW <a href=\"http:\/\/www.ifaw.org\">www.ifaw.org<\/a><\/li>\n<\/ul>\n<p align=\"left\"><span style=\"font-family: helvetica, arial, sans-serif;\">\u00a0<\/span><\/p>\n<blockquote>\n<p align=\"center\"><span style=\"font-family: helvetica, arial, sans-serif;\"><b><i>Der Wolf kann wieder bei uns heimisch werden,<br \/>\n<\/i><\/b><b><i>wenn wir Menschen es denn zulassen&#8230;<\/i><\/b><\/span><\/p>\n<\/blockquote>\n<p align=\"center\"><span style=\"font-family: 'Comic Sans MS';\">\u00a0<\/span><\/p>\n","protected":false},"excerpt":{"rendered":"<p>Isegrim ist wieder\u00a0 da! 1904 wurde in Hoyerswerda der \u201dletzte Wolf\u201d Deutschlands erschossen, und auch in den nachfolgenden Jahrzehnten kam es immer wieder zu Absch\u00fcssen von nach Deutschland eingewanderten W\u00f6lfen, bis heute, obwohl sie seit 1990 unter gesetzlichem Schutz stehen. Dennoch gelingt es dem Wolf, sich nach und nach seinen alten Lebensraum zur\u00fcckzuerobern und sich &hellip; <\/p>\n<p class=\"link-more\"><a href=\"https:\/\/susanne-und-die-woelfe.de\/?page_id=44\" class=\"more-link\"><span class=\"screen-reader-text\">\u201eW\u00f6lfe in Deutschland\u201c<\/span> weiterlesen<\/a><\/p>\n","protected":false},"author":1,"featured_media":0,"parent":223,"menu_order":1,"comment_status":"closed","ping_status":"closed","template":"","meta":[],"_links":{"self":[{"href":"https:\/\/susanne-und-die-woelfe.de\/index.php?rest_route=\/wp\/v2\/pages\/44"}],"collection":[{"href":"https:\/\/susanne-und-die-woelfe.de\/index.php?rest_route=\/wp\/v2\/pages"}],"about":[{"href":"https:\/\/susanne-und-die-woelfe.de\/index.php?rest_route=\/wp\/v2\/types\/page"}],"author":[{"embeddable":true,"href":"https:\/\/susanne-und-die-woelfe.de\/index.php?rest_route=\/wp\/v2\/users\/1"}],"replies":[{"embeddable":true,"href":"https:\/\/susanne-und-die-woelfe.de\/index.php?rest_route=%2Fwp%2Fv2%2Fcomments&post=44"}],"version-history":[{"count":8,"href":"https:\/\/susanne-und-die-woelfe.de\/index.php?rest_route=\/wp\/v2\/pages\/44\/revisions"}],"predecessor-version":[{"id":329,"href":"https:\/\/susanne-und-die-woelfe.de\/index.php?rest_route=\/wp\/v2\/pages\/44\/revisions\/329"}],"up":[{"embeddable":true,"href":"https:\/\/susanne-und-die-woelfe.de\/index.php?rest_route=\/wp\/v2\/pages\/223"}],"wp:attachment":[{"href":"https:\/\/susanne-und-die-woelfe.de\/index.php?rest_route=%2Fwp%2Fv2%2Fmedia&parent=44"}],"curies":[{"name":"wp","href":"https:\/\/api.w.org\/{rel}","templated":true}]}}