{"id":42,"date":"2017-03-18T14:04:01","date_gmt":"2017-03-18T14:04:01","guid":{"rendered":"http:\/\/susanne-und-die-woelfe.de\/?page_id=42"},"modified":"2017-03-18T23:37:03","modified_gmt":"2017-03-18T23:37:03","slug":"susanne-die-woelfe","status":"publish","type":"page","link":"https:\/\/susanne-und-die-woelfe.de\/?page_id=42","title":{"rendered":"Susanne &#038; die W\u00f6lfe"},"content":{"rendered":"<p><span style=\"font-family: helvetica, arial, sans-serif;\"><img decoding=\"async\" loading=\"lazy\" class=\"alignleft wp-image-14\" src=\"http:\/\/susanne-und-die-woelfe.de\/wp-content\/uploads\/2017\/03\/Susanne_Portrait_small-199x300.jpg\" alt=\"\" width=\"120\" height=\"181\" srcset=\"https:\/\/susanne-und-die-woelfe.de\/wp-content\/uploads\/2017\/03\/Susanne_Portrait_small-199x300.jpg 199w, https:\/\/susanne-und-die-woelfe.de\/wp-content\/uploads\/2017\/03\/Susanne_Portrait_small.jpg 512w\" sizes=\"(max-width: 120px) 100vw, 120px\" \/>Seit den 1990er Jahren gibt es wieder frei lebende W\u00f6lfe bei uns in Deutschland &#8211; und seit dieser Zeit gibt es W\u00f6lfe auch in meinem Leben.<\/span><\/p>\n<p><span style=\"font-family: helvetica, arial, sans-serif;\">Die g\u00e4nzlich ungeplante Adoption zweier angeblicher Wolfswelpen brachte das Thema \u201dWolf\u201d in mein Leben. Man \u00fcbergab mir die beiden Tiere in der Bem\u00fchung, sie halbwegs artgerecht unterzubringen. Ein abgelegenes, gro\u00dfes Waldgrundst\u00fcck mit einer sicheren Einz\u00e4unung, meine Naturverbundenheit und die Erfahrung im Umgang mit Tieren machten diesen unplanm\u00e4\u00dfigen Familienzuwachs \u00fcberhaupt erst m\u00f6glich.<\/span><\/p>\n<p><span style=\"font-family: helvetica, arial, sans-serif;\">Zwar stellte sich schnell heraus, dass die angeblichen Wolfswelpen in Wirklichkeit <strong>Wolfshybriden<\/strong>welpen waren, also Nachkommen von Wolf-Hund-Mischlingen (bitte lesen Sie mehr dazu auf der Seite <strong><em>Wolfshybriden<\/em><\/strong>), dennoch unterschied sich das Verhalten von Amarok und Khibani (Koseform: Kimba) sehr deutlich von dem der Hunde.<\/span><\/p>\n<p><span style=\"font-family: helvetica, arial, sans-serif;\">In den 16 Jahren unseres Zusammenlebens hatte ich Gelegenheit, viel \u00fcber das Verhalten, die Bed\u00fcrfnisse und die Sprache der Tierart \u201dWolf\u201d zu lernen &#8211; nicht nur durch das Lesen der Wolfsfachliteratur und den regelm\u00e4\u00dfigen Austausch mit Fachleuten in der Wolfsforschung sondern eben auch durch die pers\u00f6nlichen Erfahrungen mit Amarok und Khibani.<img decoding=\"async\" loading=\"lazy\" class=\"alignright wp-image-15 size-full\" src=\"http:\/\/susanne-und-die-woelfe.de\/wp-content\/uploads\/2017\/03\/Susanne_Woelfe_1_small.jpg\" alt=\"\" width=\"526\" height=\"428\" srcset=\"https:\/\/susanne-und-die-woelfe.de\/wp-content\/uploads\/2017\/03\/Susanne_Woelfe_1_small.jpg 526w, https:\/\/susanne-und-die-woelfe.de\/wp-content\/uploads\/2017\/03\/Susanne_Woelfe_1_small-300x244.jpg 300w\" sizes=\"(max-width: 526px) 100vw, 526px\" \/><\/span><\/p>\n<p><span style=\"font-family: helvetica, arial, sans-serif;\">Amarok starb im Mai 2008 friedlich und in meinen Armen, Khibani verlie\u00df uns 1<br \/>\nJahr sp\u00e4ter. Seit dem gibt es in meinem Leben keine Wolfshybriden mehr, weil ich die Zucht von Wolfshybriden unbedingt ablehne.<br \/>\n<\/span><\/p>\n<p><span style=\"font-family: helvetica, arial, sans-serif;\">Dennoch bin ich unendlich dankbar f\u00fcr die gemeinsame Zeit mit ihnen, denn sie haben mir das Wesen der W\u00f6lfe nahegebracht und mich gelehrt, die Tierart \u201dWolf\u201d zu achten und zu lieben.<\/span><\/p>\n<p><span style=\"font-family: helvetica, arial, sans-serif;\">Die tiefe Verbundenheit zu W\u00f6lfen, die durch sie in mir gewachsen ist, l\u00f6ste den Wunsch in mir aus, etwas zu tun, was dieser Tierart dienlich ist \u2013 gerade jetzt, da die W\u00f6lfe in unser Land zur\u00fcckgekehrt sind.<\/span><\/p>\n<p><img decoding=\"async\" loading=\"lazy\" class=\"aligncenter wp-image-16 size-full\" src=\"http:\/\/susanne-und-die-woelfe.de\/wp-content\/uploads\/2017\/03\/Susanne_Woelfe_2_small.jpg\" alt=\"\" width=\"632\" height=\"414\" srcset=\"https:\/\/susanne-und-die-woelfe.de\/wp-content\/uploads\/2017\/03\/Susanne_Woelfe_2_small.jpg 632w, https:\/\/susanne-und-die-woelfe.de\/wp-content\/uploads\/2017\/03\/Susanne_Woelfe_2_small-300x197.jpg 300w\" sizes=\"(max-width: 632px) 100vw, 632px\" \/><\/p>\n<p><span style=\"font-family: helvetica, arial, sans-serif;\"><strong>Aus diesem Grund biete ich <em>Workshops<\/em> f\u00fcr Schulen und Kinderg\u00e4rten an und dar\u00fcber hinaus auch Workshops zu den Themen \u201eNatur &amp; Umwelt\u201c. Wenn Sie mehr \u00fcber die Inhalte erfahren m\u00f6chten, dann klicken Sie bitte hier &lt;<a href=\"http:\/\/susanne-und-die-woelfe.de\/?page_id=46\">Schulprojekte<\/a>&gt;<\/strong><\/span><\/p>\n<p>&nbsp;<\/p>\n<p><span style=\"font-family: helvetica, arial, sans-serif;\"><strong>Haben Sie Interesse an einem Vortrag \u00fcber die Erfahrungen mit Amarok und Khibani? Dann buchen Sie bitte hier\u00a0\u00a0 &lt;<a href=\"http:\/\/susanne-und-die-woelfe.de\/?page_id=56\">Kontakt<\/a>&gt;<\/strong><\/span><\/p>\n<p>&nbsp;<\/p>\n<p><span style=\"font-family: helvetica, arial, sans-serif;\"><strong>Wolfscredo<\/strong><\/span><\/p>\n<blockquote><p><span style=\"font-family: helvetica, arial, sans-serif;\">Achte die \u00c4lteren<\/span><br \/>\n<span style=\"font-family: helvetica, arial, sans-serif;\"> Unterweise die J\u00fcngeren<\/span><br \/>\n<span style=\"font-family: helvetica, arial, sans-serif;\"> Kooperiere mit dem Rudel<\/span><\/p>\n<p><span style=\"font-family: helvetica, arial, sans-serif;\">Spiele, wenn du kannst<\/span><br \/>\n<span style=\"font-family: helvetica, arial, sans-serif;\"> Jage, wenn du musst<\/span><br \/>\n<span style=\"font-family: helvetica, arial, sans-serif;\"> Ruh\u2018 dich aus dazwischen<\/span><\/p>\n<p><span style=\"font-family: helvetica, arial, sans-serif;\">Teile deine Zuneigung<\/span><br \/>\n<span style=\"font-family: helvetica, arial, sans-serif;\"> Gib deinen Gef\u00fchlen Ausdruck<\/span><br \/>\n<span style=\"font-family: helvetica, arial, sans-serif;\"> Hinterlasse deine Spuren<\/span><\/p><\/blockquote>\n<p><span style=\"font-family: helvetica, arial, sans-serif;\">(Del Goetz)<\/span><\/p>\n","protected":false},"excerpt":{"rendered":"<p>Seit den 1990er Jahren gibt es wieder frei lebende W\u00f6lfe bei uns in Deutschland &#8211; und seit dieser Zeit gibt es W\u00f6lfe auch in meinem Leben. Die g\u00e4nzlich ungeplante Adoption zweier angeblicher Wolfswelpen brachte das Thema \u201dWolf\u201d in mein Leben. Man \u00fcbergab mir die beiden Tiere in der Bem\u00fchung, sie halbwegs artgerecht unterzubringen. Ein abgelegenes, &hellip; <\/p>\n<p class=\"link-more\"><a href=\"https:\/\/susanne-und-die-woelfe.de\/?page_id=42\" class=\"more-link\"><span class=\"screen-reader-text\">\u201eSusanne &#038; die W\u00f6lfe\u201c<\/span> weiterlesen<\/a><\/p>\n","protected":false},"author":1,"featured_media":0,"parent":0,"menu_order":1,"comment_status":"closed","ping_status":"closed","template":"","meta":[],"_links":{"self":[{"href":"https:\/\/susanne-und-die-woelfe.de\/index.php?rest_route=\/wp\/v2\/pages\/42"}],"collection":[{"href":"https:\/\/susanne-und-die-woelfe.de\/index.php?rest_route=\/wp\/v2\/pages"}],"about":[{"href":"https:\/\/susanne-und-die-woelfe.de\/index.php?rest_route=\/wp\/v2\/types\/page"}],"author":[{"embeddable":true,"href":"https:\/\/susanne-und-die-woelfe.de\/index.php?rest_route=\/wp\/v2\/users\/1"}],"replies":[{"embeddable":true,"href":"https:\/\/susanne-und-die-woelfe.de\/index.php?rest_route=%2Fwp%2Fv2%2Fcomments&post=42"}],"version-history":[{"count":8,"href":"https:\/\/susanne-und-die-woelfe.de\/index.php?rest_route=\/wp\/v2\/pages\/42\/revisions"}],"predecessor-version":[{"id":258,"href":"https:\/\/susanne-und-die-woelfe.de\/index.php?rest_route=\/wp\/v2\/pages\/42\/revisions\/258"}],"wp:attachment":[{"href":"https:\/\/susanne-und-die-woelfe.de\/index.php?rest_route=%2Fwp%2Fv2%2Fmedia&parent=42"}],"curies":[{"name":"wp","href":"https:\/\/api.w.org\/{rel}","templated":true}]}}