{"id":363,"date":"2022-09-12T16:04:54","date_gmt":"2022-09-12T16:04:54","guid":{"rendered":"http:\/\/susanne-und-die-woelfe.de\/?page_id=363"},"modified":"2022-09-12T16:04:55","modified_gmt":"2022-09-12T16:04:55","slug":"training-fuer-deinen-hund-und-dich","status":"publish","type":"page","link":"https:\/\/susanne-und-die-woelfe.de\/?page_id=363","title":{"rendered":"Training f\u00fcr Deinen Hund und Dich"},"content":{"rendered":"<p>Egal ob Du Dir von Deinem Hund etwas mehr Aufmerksamkeit und Bindung w\u00fcnschst oder es sogar konkrete Probleme gibt, ich m\u00f6chte Dich gern dabei unterst\u00fctzen, die Welt Deines Hundes und seine Bed\u00fcrfnisse noch besser zu verstehen, Deine F\u00fchrung ihm gegen\u00fcber zu verbessern und damit ein harmonischeres Miteinander zu erreichen.<\/p>\n<p>In Einzelstunden nur f\u00fcr Dich und Deinen Hund m\u00f6chte ich Euch dabei helfen, ein richtig gutes Team zu werden.<\/p>\n<p>Wenn Du im Raum Marburg-Biedenkopf lebst, komme ich gern zu Dir nach Hause.<\/p>\n<p>Eine Unterrichtseinheit kostet 30,00 Euro (zuz\u00fcglich Fahrtgeld 30 Cent\/km)<\/p>\n<p><img decoding=\"async\" loading=\"lazy\" class=\"alignnone size-full wp-image-364\" src=\"http:\/\/susanne-und-die-woelfe.de\/wp-content\/uploads\/2022\/09\/DAB02A9B-B1DB-4BB2-AB96-89576F8A4D27_1_201_a.jpeg\" alt=\"\" width=\"2136\" height=\"2125\" srcset=\"https:\/\/susanne-und-die-woelfe.de\/wp-content\/uploads\/2022\/09\/DAB02A9B-B1DB-4BB2-AB96-89576F8A4D27_1_201_a.jpeg 2136w, https:\/\/susanne-und-die-woelfe.de\/wp-content\/uploads\/2022\/09\/DAB02A9B-B1DB-4BB2-AB96-89576F8A4D27_1_201_a-420x418.jpeg 420w, https:\/\/susanne-und-die-woelfe.de\/wp-content\/uploads\/2022\/09\/DAB02A9B-B1DB-4BB2-AB96-89576F8A4D27_1_201_a-744x740.jpeg 744w, https:\/\/susanne-und-die-woelfe.de\/wp-content\/uploads\/2022\/09\/DAB02A9B-B1DB-4BB2-AB96-89576F8A4D27_1_201_a-768x764.jpeg 768w, https:\/\/susanne-und-die-woelfe.de\/wp-content\/uploads\/2022\/09\/DAB02A9B-B1DB-4BB2-AB96-89576F8A4D27_1_201_a-1200x1194.jpeg 1200w, https:\/\/susanne-und-die-woelfe.de\/wp-content\/uploads\/2022\/09\/DAB02A9B-B1DB-4BB2-AB96-89576F8A4D27_1_201_a-100x100.jpeg 100w\" sizes=\"(max-width: 706px) 89vw, (max-width: 767px) 82vw, 740px\" \/><\/p>\n","protected":false},"excerpt":{"rendered":"<p>Egal ob Du Dir von Deinem Hund etwas mehr Aufmerksamkeit und Bindung w\u00fcnschst oder es sogar konkrete Probleme gibt, ich m\u00f6chte Dich gern dabei unterst\u00fctzen, die Welt Deines Hundes und seine Bed\u00fcrfnisse noch besser zu verstehen, Deine F\u00fchrung ihm gegen\u00fcber zu verbessern und damit ein harmonischeres Miteinander zu erreichen. In Einzelstunden nur f\u00fcr Dich und &hellip; <\/p>\n<p class=\"link-more\"><a href=\"https:\/\/susanne-und-die-woelfe.de\/?page_id=363\" class=\"more-link\"><span class=\"screen-reader-text\">\u201eTraining f\u00fcr Deinen Hund und Dich\u201c<\/span> weiterlesen<\/a><\/p>\n","protected":false},"author":1,"featured_media":0,"parent":0,"menu_order":0,"comment_status":"closed","ping_status":"closed","template":"","meta":[],"_links":{"self":[{"href":"https:\/\/susanne-und-die-woelfe.de\/index.php?rest_route=\/wp\/v2\/pages\/363"}],"collection":[{"href":"https:\/\/susanne-und-die-woelfe.de\/index.php?rest_route=\/wp\/v2\/pages"}],"about":[{"href":"https:\/\/susanne-und-die-woelfe.de\/index.php?rest_route=\/wp\/v2\/types\/page"}],"author":[{"embeddable":true,"href":"https:\/\/susanne-und-die-woelfe.de\/index.php?rest_route=\/wp\/v2\/users\/1"}],"replies":[{"embeddable":true,"href":"https:\/\/susanne-und-die-woelfe.de\/index.php?rest_route=%2Fwp%2Fv2%2Fcomments&post=363"}],"version-history":[{"count":2,"href":"https:\/\/susanne-und-die-woelfe.de\/index.php?rest_route=\/wp\/v2\/pages\/363\/revisions"}],"predecessor-version":[{"id":369,"href":"https:\/\/susanne-und-die-woelfe.de\/index.php?rest_route=\/wp\/v2\/pages\/363\/revisions\/369"}],"wp:attachment":[{"href":"https:\/\/susanne-und-die-woelfe.de\/index.php?rest_route=%2Fwp%2Fv2%2Fmedia&parent=363"}],"curies":[{"name":"wp","href":"https:\/\/api.w.org\/{rel}","templated":true}]}}