{"id":228,"date":"2017-03-18T22:52:24","date_gmt":"2017-03-18T22:52:24","guid":{"rendered":"http:\/\/susanne-und-die-woelfe.de\/?page_id=228"},"modified":"2017-03-18T23:11:11","modified_gmt":"2017-03-18T23:11:11","slug":"angebote","status":"publish","type":"page","link":"https:\/\/susanne-und-die-woelfe.de\/?page_id=228","title":{"rendered":"Angebote"},"content":{"rendered":"<p><span style=\"font-family: helvetica, arial, sans-serif;\">Ich biete interaktiven Projektunterricht und Vortr\u00e4ge zum Thema &#8222;Wolf&#8220; f\u00fcr jung und alt an.<\/span><\/p>\n<ul>\n<li><span style=\"font-family: helvetica, arial, sans-serif;\"><a href=\"http:\/\/susanne-und-die-woelfe.de\/?page_id=46\">Spielerischer Unterricht im Kindergarten, Grund- und weiterf\u00fchrende Schulen<\/a>.<\/span><\/li>\n<li><span style=\"font-family: helvetica, arial, sans-serif;\"><a href=\"http:\/\/susanne-und-die-woelfe.de\/?page_id=192\">Vortr\u00e4ge mit Einblicken in ein Leben mit W\u00f6lfen<\/a>.<\/span><\/li>\n<li><span style=\"font-family: helvetica, arial, sans-serif;\"><a href=\"http:\/\/susanne-und-die-woelfe.de\/?page_id=52\">Unterst\u00fctzung zu Fragen im Umgang mit IhremTiergef\u00e4hrten<\/a>.<\/span><\/li>\n<\/ul>\n<p><span style=\"font-family: helvetica, arial, sans-serif;\">Bei Interesse kommen Sie gerne auch mich zu!<\/span><br \/>\n<span style=\"font-family: helvetica, arial, sans-serif;\"> &lt;<a href=\"http:\/\/susanne-und-die-woelfe.de\/?page_id=56\">Kontakt<\/a>&gt;<\/span><\/p>\n","protected":false},"excerpt":{"rendered":"<p>Ich biete interaktiven Projektunterricht und Vortr\u00e4ge zum Thema &#8222;Wolf&#8220; f\u00fcr jung und alt an. Spielerischer Unterricht im Kindergarten, Grund- und weiterf\u00fchrende Schulen. Vortr\u00e4ge mit Einblicken in ein Leben mit W\u00f6lfen. Unterst\u00fctzung zu Fragen im Umgang mit IhremTiergef\u00e4hrten. Bei Interesse kommen Sie gerne auch mich zu! &lt;Kontakt&gt;<\/p>\n","protected":false},"author":1,"featured_media":0,"parent":0,"menu_order":4,"comment_status":"closed","ping_status":"closed","template":"","meta":[],"_links":{"self":[{"href":"https:\/\/susanne-und-die-woelfe.de\/index.php?rest_route=\/wp\/v2\/pages\/228"}],"collection":[{"href":"https:\/\/susanne-und-die-woelfe.de\/index.php?rest_route=\/wp\/v2\/pages"}],"about":[{"href":"https:\/\/susanne-und-die-woelfe.de\/index.php?rest_route=\/wp\/v2\/types\/page"}],"author":[{"embeddable":true,"href":"https:\/\/susanne-und-die-woelfe.de\/index.php?rest_route=\/wp\/v2\/users\/1"}],"replies":[{"embeddable":true,"href":"https:\/\/susanne-und-die-woelfe.de\/index.php?rest_route=%2Fwp%2Fv2%2Fcomments&post=228"}],"version-history":[{"count":4,"href":"https:\/\/susanne-und-die-woelfe.de\/index.php?rest_route=\/wp\/v2\/pages\/228\/revisions"}],"predecessor-version":[{"id":248,"href":"https:\/\/susanne-und-die-woelfe.de\/index.php?rest_route=\/wp\/v2\/pages\/228\/revisions\/248"}],"wp:attachment":[{"href":"https:\/\/susanne-und-die-woelfe.de\/index.php?rest_route=%2Fwp%2Fv2%2Fmedia&parent=228"}],"curies":[{"name":"wp","href":"https:\/\/api.w.org\/{rel}","templated":true}]}}