{"id":161,"date":"2017-03-18T20:11:15","date_gmt":"2017-03-18T20:11:15","guid":{"rendered":"http:\/\/susanne-und-die-woelfe.de\/?page_id=161"},"modified":"2017-03-18T23:09:05","modified_gmt":"2017-03-18T23:09:05","slug":"161-2","status":"publish","type":"page","link":"https:\/\/susanne-und-die-woelfe.de\/","title":{"rendered":"Startseite"},"content":{"rendered":"<p><span style=\"font-family: helvetica, arial, sans-serif;\"><strong>Herzliche Willkommen bei Susanne und die W\u00f6lfe!<\/strong><\/span><\/p>\n<p><span style=\"font-family: helvetica, arial, sans-serif;\">Ich freue mich sehr \u00fcber Ihr Interesse an den W\u00f6lfen und darauf, aktuelle Informationen \u00fcber diese mit ihnen zu teilen. Gewinnen Sie Einblick in die Erfahrungen meiner Zeit mit \u201eWolfsblut\u201c und schauen Sie sich bitte meine Angebote zu Schulprojekten oder meinem Vortrag an.<\/span><\/p>\n","protected":false},"excerpt":{"rendered":"<p>Herzliche Willkommen bei Susanne und die W\u00f6lfe! Ich freue mich sehr \u00fcber Ihr Interesse an den W\u00f6lfen und darauf, aktuelle Informationen \u00fcber diese mit ihnen zu teilen. Gewinnen Sie Einblick in die Erfahrungen meiner Zeit mit \u201eWolfsblut\u201c und schauen Sie sich bitte meine Angebote zu Schulprojekten oder meinem Vortrag an.<\/p>\n","protected":false},"author":1,"featured_media":0,"parent":0,"menu_order":0,"comment_status":"closed","ping_status":"closed","template":"","meta":[],"_links":{"self":[{"href":"https:\/\/susanne-und-die-woelfe.de\/index.php?rest_route=\/wp\/v2\/pages\/161"}],"collection":[{"href":"https:\/\/susanne-und-die-woelfe.de\/index.php?rest_route=\/wp\/v2\/pages"}],"about":[{"href":"https:\/\/susanne-und-die-woelfe.de\/index.php?rest_route=\/wp\/v2\/types\/page"}],"author":[{"embeddable":true,"href":"https:\/\/susanne-und-die-woelfe.de\/index.php?rest_route=\/wp\/v2\/users\/1"}],"replies":[{"embeddable":true,"href":"https:\/\/susanne-und-die-woelfe.de\/index.php?rest_route=%2Fwp%2Fv2%2Fcomments&post=161"}],"version-history":[{"count":6,"href":"https:\/\/susanne-und-die-woelfe.de\/index.php?rest_route=\/wp\/v2\/pages\/161\/revisions"}],"predecessor-version":[{"id":242,"href":"https:\/\/susanne-und-die-woelfe.de\/index.php?rest_route=\/wp\/v2\/pages\/161\/revisions\/242"}],"wp:attachment":[{"href":"https:\/\/susanne-und-die-woelfe.de\/index.php?rest_route=%2Fwp%2Fv2%2Fmedia&parent=161"}],"curies":[{"name":"wp","href":"https:\/\/api.w.org\/{rel}","templated":true}]}}